{"id":53,"date":"2024-11-13T14:29:30","date_gmt":"2024-11-13T17:29:30","guid":{"rendered":"https:\/\/papainoeldotl.com.br\/?page_id=53"},"modified":"2024-11-14T12:26:29","modified_gmt":"2024-11-14T15:26:29","slug":"personagem-vivo","status":"publish","type":"page","link":"https:\/\/papainoeldotl.com.br\/","title":{"rendered":"PERSONAGEM VIVO"},"content":{"rendered":"\t\t<div data-elementor-type=\"wp-page\" data-elementor-id=\"53\" class=\"elementor elementor-53\">\n\t\t\t\t<div class=\"elementor-element elementor-element-b9de4e8 e-grid e-con-boxed wpr-particle-no wpr-jarallax-no wpr-parallax-no wpr-sticky-section-no e-con e-parent\" data-id=\"b9de4e8\" data-element_type=\"container\">\n\t\t\t\t\t<div class=\"e-con-inner\">\n\t\t\t\t<div class=\"elementor-element elementor-element-06a1888 elementor-widget__width-initial elementor-widget elementor-widget-image\" data-id=\"06a1888\" data-element_type=\"widget\" data-widget_type=\"image.default\">\n\t\t\t\t<div class=\"elementor-widget-container\">\n\t\t\t\t\t\t\t\t\t\t\t\t\t<img fetchpriority=\"high\" decoding=\"async\" width=\"300\" height=\"200\" src=\"https:\/\/papainoeldotl.com.br\/wp-content\/uploads\/2024\/11\/papai-noel-com-familia-300x200.jpg\" class=\"attachment-medium size-medium wp-image-64\" alt=\"\" srcset=\"https:\/\/papainoeldotl.com.br\/wp-content\/uploads\/2024\/11\/papai-noel-com-familia-300x200.jpg 300w, https:\/\/papainoeldotl.com.br\/wp-content\/uploads\/2024\/11\/papai-noel-com-familia-768x512.jpg 768w, https:\/\/papainoeldotl.com.br\/wp-content\/uploads\/2024\/11\/papai-noel-com-familia.jpg 1024w\" sizes=\"(max-width: 300px) 100vw, 300px\" \/>\t\t\t\t\t\t\t\t\t\t\t\t\t<\/div>\n\t\t\t\t<\/div>\n\t\t\t\t<div class=\"elementor-element elementor-element-b52f412 elementor-widget__width-initial elementor-widget elementor-widget-text-editor\" data-id=\"b52f412\" data-element_type=\"widget\" data-widget_type=\"text-editor.default\">\n\t\t\t\t<div class=\"elementor-widget-container\">\n\t\t\t\t\t\t\t<p><span style=\"font-weight: 400;\">Transforme seu Natal em uma experi\u00eancia inesquec\u00edvel com um Papai Noel. Nosso servi\u00e7o oferece uma interpreta\u00e7\u00e3o aut\u00eantica, carinhosa e profissional do bom velhinho, levando alegria e emo\u00e7\u00e3o a crian\u00e7as e adultos.<\/span><\/p>\t\t\t\t\t\t<\/div>\n\t\t\t\t<\/div>\n\t\t\t\t\t<\/div>\n\t\t\t\t<\/div>\n\t\t<div class=\"elementor-element elementor-element-0311826 e-grid e-con-boxed wpr-particle-no wpr-jarallax-no wpr-parallax-no wpr-sticky-section-no e-con e-parent\" data-id=\"0311826\" data-element_type=\"container\">\n\t\t\t\t\t<div class=\"e-con-inner\">\n\t\t\t\t<div class=\"elementor-element elementor-element-14b5e0b elementor-widget__width-initial elementor-widget elementor-widget-text-editor\" data-id=\"14b5e0b\" data-element_type=\"widget\" data-widget_type=\"text-editor.default\">\n\t\t\t\t<div class=\"elementor-widget-container\">\n\t\t\t\t\t\t\t<p>Trazemos uma interpreta\u00e7\u00e3o com o cuidado de interagir com todos de forma gentil e acolhedora. Vestindo um traje de alta qualidade e com trejeitos aut\u00eanticos, ele torna o encontro com o Papai Noel uma lembran\u00e7a que ficar\u00e1 para sempre<\/p>\t\t\t\t\t\t<\/div>\n\t\t\t\t<\/div>\n\t\t\t\t<div class=\"elementor-element elementor-element-49d910b elementor-widget__width-initial elementor-widget elementor-widget-image\" data-id=\"49d910b\" data-element_type=\"widget\" data-widget_type=\"image.default\">\n\t\t\t\t<div class=\"elementor-widget-container\">\n\t\t\t\t\t\t\t\t\t\t\t\t\t<img decoding=\"async\" width=\"300\" height=\"200\" src=\"https:\/\/papainoeldotl.com.br\/wp-content\/uploads\/2024\/11\/papai-noel-etregando-presente-300x200.avif\" class=\"attachment-medium size-medium wp-image-63\" alt=\"\" srcset=\"https:\/\/papainoeldotl.com.br\/wp-content\/uploads\/2024\/11\/papai-noel-etregando-presente-300x200.avif 300w, https:\/\/papainoeldotl.com.br\/wp-content\/uploads\/2024\/11\/papai-noel-etregando-presente.avif 700w\" sizes=\"(max-width: 300px) 100vw, 300px\" \/>\t\t\t\t\t\t\t\t\t\t\t\t\t<\/div>\n\t\t\t\t<\/div>\n\t\t\t\t\t<\/div>\n\t\t\t\t<\/div>\n\t\t<div class=\"elementor-element elementor-element-ca2944b e-grid e-con-boxed wpr-particle-no wpr-jarallax-no wpr-parallax-no wpr-sticky-section-no e-con e-parent\" data-id=\"ca2944b\" data-element_type=\"container\">\n\t\t\t\t\t<div class=\"e-con-inner\">\n\t\t\t\t<div class=\"elementor-element elementor-element-4660fdc elementor-widget__width-initial elementor-widget elementor-widget-image\" data-id=\"4660fdc\" data-element_type=\"widget\" data-widget_type=\"image.default\">\n\t\t\t\t<div class=\"elementor-widget-container\">\n\t\t\t\t\t\t\t\t\t\t\t\t\t<img decoding=\"async\" width=\"300\" height=\"200\" src=\"https:\/\/papainoeldotl.com.br\/wp-content\/uploads\/2024\/11\/papai-noel-presenteando-300x200.jpg\" class=\"attachment-medium size-medium wp-image-89\" alt=\"\" srcset=\"https:\/\/papainoeldotl.com.br\/wp-content\/uploads\/2024\/11\/papai-noel-presenteando-300x200.jpg 300w, https:\/\/papainoeldotl.com.br\/wp-content\/uploads\/2024\/11\/papai-noel-presenteando.jpg 700w\" sizes=\"(max-width: 300px) 100vw, 300px\" \/>\t\t\t\t\t\t\t\t\t\t\t\t\t<\/div>\n\t\t\t\t<\/div>\n\t\t\t\t<div class=\"elementor-element elementor-element-22a49d5 elementor-widget__width-initial elementor-widget elementor-widget-text-editor\" data-id=\"22a49d5\" data-element_type=\"widget\" data-widget_type=\"text-editor.default\">\n\t\t\t\t<div class=\"elementor-widget-container\">\n\t\t\t\t\t\t\t<p><span style=\"font-weight: 400;\">O Papai noel animado e comprometido com seu evento. A experi\u00eancia e dedica\u00e7\u00e3o do nosso Papai Noel j\u00e1 encantaram fam\u00edlias, empresas e comunidades inteiras.<\/span><\/p>\t\t\t\t\t\t<\/div>\n\t\t\t\t<\/div>\n\t\t\t\t\t<\/div>\n\t\t\t\t<\/div>\n\t\t<div class=\"elementor-element elementor-element-39695bd e-flex e-con-boxed wpr-particle-no wpr-jarallax-no wpr-parallax-no wpr-sticky-section-no e-con e-parent\" data-id=\"39695bd\" data-element_type=\"container\">\n\t\t\t\t\t<div class=\"e-con-inner\">\n\t\t\t\t<div class=\"elementor-element elementor-element-9efcb8d elementor-widget elementor-widget-text-editor\" data-id=\"9efcb8d\" data-element_type=\"widget\" data-widget_type=\"text-editor.default\">\n\t\t\t\t<div class=\"elementor-widget-container\">\n\t\t\t\t\t\t\t<p><span style=\"font-weight: 400;\">\u201cAtendemos em diversos locais, formas e comodidade para o seu evento. Nosso Papai Noel pode se deslocar por toda a regi\u00e3o do Estado do Rio de Janeiro, chegando de diferentes maneiras, seja por ve\u00edculo particular, ve\u00edculo contratado ou at\u00e9 mesmo de helic\u00f3ptero, levando o esp\u00edrito natalino a todos os cantos!\u201d<\/span><\/p>\n<p>\u00a0<\/p>\t\t\t\t\t\t<\/div>\n\t\t\t\t<\/div>\n\t\t\t\t\t<\/div>\n\t\t\t\t<\/div>\n\t\t<div class=\"elementor-element elementor-element-93545a3 e-con-full e-flex wpr-particle-no wpr-jarallax-no wpr-parallax-no wpr-sticky-section-no e-con e-parent\" data-id=\"93545a3\" data-element_type=\"container\">\n\t\t\t\t<div class=\"elementor-element elementor-element-3a09197 elementor-arrows-position-inside elementor-pagination-position-outside elementor-widget elementor-widget-image-carousel\" data-id=\"3a09197\" data-element_type=\"widget\" data-settings=\"{&quot;navigation&quot;:&quot;both&quot;,&quot;autoplay&quot;:&quot;yes&quot;,&quot;pause_on_hover&quot;:&quot;yes&quot;,&quot;pause_on_interaction&quot;:&quot;yes&quot;,&quot;autoplay_speed&quot;:5000,&quot;infinite&quot;:&quot;yes&quot;,&quot;speed&quot;:500}\" data-widget_type=\"image-carousel.default\">\n\t\t\t\t<div class=\"elementor-widget-container\">\n\t\t\t\t\t<div class=\"elementor-image-carousel-wrapper swiper\" dir=\"ltr\">\n\t\t\t<div class=\"elementor-image-carousel swiper-wrapper\" aria-live=\"off\">\n\t\t\t\t\t\t\t\t<div class=\"swiper-slide\" role=\"group\" aria-roledescription=\"slide\" aria-label=\"1 of 3\"><figure class=\"swiper-slide-inner\"><img decoding=\"async\" class=\"swiper-slide-image\" src=\"https:\/\/papainoeldotl.com.br\/wp-content\/uploads\/2024\/11\/Triel-de-Apoio-com-Helicoptero1-150x150.jpg\" alt=\"Triel de Apoio com Helic\u00f3ptero1\" \/><\/figure><\/div><div class=\"swiper-slide\" role=\"group\" aria-roledescription=\"slide\" aria-label=\"2 of 3\"><figure class=\"swiper-slide-inner\"><img decoding=\"async\" class=\"swiper-slide-image\" src=\"https:\/\/papainoeldotl.com.br\/wp-content\/uploads\/2024\/11\/Triel-de-Apoio-com-Helicoptero-150x150.jpg\" alt=\"Triel de Apoio com Helic\u00f3ptero\" \/><\/figure><\/div><div class=\"swiper-slide\" role=\"group\" aria-roledescription=\"slide\" aria-label=\"3 of 3\"><figure class=\"swiper-slide-inner\"><img decoding=\"async\" class=\"swiper-slide-image\" src=\"https:\/\/papainoeldotl.com.br\/wp-content\/uploads\/2024\/11\/Imagem-do-WhatsApp-de-2024-11-11-as-21.06.43_ef3e0eaf-150x150.jpg\" alt=\"Imagem do WhatsApp de 2024-11-11 \u00e0(s) 21.06.43_ef3e0eaf\" \/><\/figure><\/div>\t\t\t<\/div>\n\t\t\t\t\t\t\t\t\t\t\t\t<div class=\"elementor-swiper-button elementor-swiper-button-prev\" role=\"button\" tabindex=\"0\">\n\t\t\t\t\t\t<svg aria-hidden=\"true\" class=\"e-font-icon-svg e-eicon-chevron-left\" viewBox=\"0 0 1000 1000\" xmlns=\"http:\/\/www.w3.org\/2000\/svg\"><path d=\"M646 125C629 125 613 133 604 142L308 442C296 454 292 471 292 487 292 504 296 521 308 533L604 854C617 867 629 875 646 875 663 875 679 871 692 858 704 846 713 829 713 812 713 796 708 779 692 767L438 487 692 225C700 217 708 204 708 187 708 171 704 154 692 142 675 129 663 125 646 125Z\"><\/path><\/svg>\t\t\t\t\t<\/div>\n\t\t\t\t\t<div class=\"elementor-swiper-button elementor-swiper-button-next\" role=\"button\" tabindex=\"0\">\n\t\t\t\t\t\t<svg aria-hidden=\"true\" class=\"e-font-icon-svg e-eicon-chevron-right\" viewBox=\"0 0 1000 1000\" xmlns=\"http:\/\/www.w3.org\/2000\/svg\"><path d=\"M696 533C708 521 713 504 713 487 713 471 708 454 696 446L400 146C388 133 375 125 354 125 338 125 325 129 313 142 300 154 292 171 292 187 292 204 296 221 308 233L563 492 304 771C292 783 288 800 288 817 288 833 296 850 308 863 321 871 338 875 354 875 371 875 388 867 400 854L696 533Z\"><\/path><\/svg>\t\t\t\t\t<\/div>\n\t\t\t\t\n\t\t\t\t\t\t\t\t\t<div class=\"swiper-pagination\"><\/div>\n\t\t\t\t\t\t\t\t\t<\/div>\n\t\t\t\t<\/div>\n\t\t\t\t<\/div>\n\t\t\t\t<\/div>\n\t\t<div class=\"elementor-element elementor-element-0fe4e4e e-flex e-con-boxed wpr-particle-no wpr-jarallax-no wpr-parallax-no wpr-sticky-section-no e-con e-parent\" data-id=\"0fe4e4e\" data-element_type=\"container\">\n\t\t\t\t\t<div class=\"e-con-inner\">\n\t\t<div class=\"elementor-element elementor-element-b7df8a6 e-con-full e-flex wpr-particle-no wpr-jarallax-no wpr-parallax-no wpr-sticky-section-no e-con e-child\" data-id=\"b7df8a6\" data-element_type=\"container\">\n\t\t\t\t<div class=\"elementor-element elementor-element-7c24e3b elementor-widget elementor-widget-text-editor\" data-id=\"7c24e3b\" data-element_type=\"widget\" data-widget_type=\"text-editor.default\">\n\t\t\t\t<div class=\"elementor-widget-container\">\n\t\t\t\t\t\t\t<p><span style=\"font-weight: 400;\">\ud83c\udf85\u2728Olhe como a magia do Natal toma conta de todos! Leve a magia do Natal para sua empresa ou condom\u00ednio! \ud83c\udfa5\u2728 Agende seu dia e hor\u00e1rio,transmita essa enorme e contagiante energia.<\/span><\/p>\t\t\t\t\t\t<\/div>\n\t\t\t\t<\/div>\n\t\t\t\t<\/div>\n\t\t<div class=\"elementor-element elementor-element-34f6b25 e-con-full e-flex wpr-particle-no wpr-jarallax-no wpr-parallax-no wpr-sticky-section-no e-con e-child\" data-id=\"34f6b25\" data-element_type=\"container\">\n\t\t\t\t<div class=\"elementor-element elementor-element-6929c6a elementor-widget elementor-widget-video\" data-id=\"6929c6a\" data-element_type=\"widget\" data-settings=\"{&quot;video_type&quot;:&quot;hosted&quot;,&quot;controls&quot;:&quot;yes&quot;}\" data-widget_type=\"video.default\">\n\t\t\t\t<div class=\"elementor-widget-container\">\n\t\t\t\t\t<div class=\"e-hosted-video elementor-wrapper elementor-open-inline\">\n\t\t\t\t\t<video class=\"elementor-video\" src=\"https:\/\/papainoeldotl.com.br\/wp-content\/uploads\/2024\/11\/Video-PapaiNoeldoTL-Parcial-1.mp4\" controls=\"\" preload=\"metadata\" controlsList=\"nodownload\"><\/video>\n\t\t\t\t<\/div>\n\t\t\t\t<\/div>\n\t\t\t\t<\/div>\n\t\t\t\t<\/div>\n\t\t\t\t<div class=\"elementor-element elementor-element-a62a8df elementor-widget elementor-widget-image\" data-id=\"a62a8df\" data-element_type=\"widget\" data-widget_type=\"image.default\">\n\t\t\t\t<div class=\"elementor-widget-container\">\n\t\t\t\t\t\t\t\t\t\t\t\t\t<img decoding=\"async\" src=\"https:\/\/papainoeldotl.com.br\/wp-content\/uploads\/2024\/11\/Video-com-Musica-1.mp4\" title=\"\" alt=\"\" loading=\"lazy\" \/>\t\t\t\t\t\t\t\t\t\t\t\t\t<\/div>\n\t\t\t\t<\/div>\n\t\t\t\t\t<\/div>\n\t\t\t\t<\/div>\n\t\t<div class=\"elementor-element elementor-element-0c6bcc7 e-flex e-con-boxed wpr-particle-no wpr-jarallax-no wpr-parallax-no wpr-sticky-section-no e-con e-parent\" data-id=\"0c6bcc7\" data-element_type=\"container\">\n\t\t\t\t\t<div class=\"e-con-inner\">\n\t\t\t\t<div class=\"elementor-element elementor-element-404d03a elementor-widget elementor-widget-image\" data-id=\"404d03a\" data-element_type=\"widget\" data-widget_type=\"image.default\">\n\t\t\t\t<div class=\"elementor-widget-container\">\n\t\t\t\t\t\t\t\t\t\t\t\t\t<img loading=\"lazy\" decoding=\"async\" width=\"150\" height=\"150\" src=\"https:\/\/papainoeldotl.com.br\/wp-content\/uploads\/2024\/11\/logo-papainoeldotl1-150x150.jpg\" class=\"attachment-thumbnail size-thumbnail wp-image-102\" alt=\"\" srcset=\"https:\/\/papainoeldotl.com.br\/wp-content\/uploads\/2024\/11\/logo-papainoeldotl1-150x150.jpg 150w, https:\/\/papainoeldotl.com.br\/wp-content\/uploads\/2024\/11\/logo-papainoeldotl1-300x300.jpg 300w, https:\/\/papainoeldotl.com.br\/wp-content\/uploads\/2024\/11\/logo-papainoeldotl1-768x768.jpg 768w, https:\/\/papainoeldotl.com.br\/wp-content\/uploads\/2024\/11\/logo-papainoeldotl1-533x533.jpg 533w, https:\/\/papainoeldotl.com.br\/wp-content\/uploads\/2024\/11\/logo-papainoeldotl1-640x640.jpg 640w, https:\/\/papainoeldotl.com.br\/wp-content\/uploads\/2024\/11\/logo-papainoeldotl1-864x864.jpg 864w, https:\/\/papainoeldotl.com.br\/wp-content\/uploads\/2024\/11\/logo-papainoeldotl1.jpg 1024w\" sizes=\"(max-width: 150px) 100vw, 150px\" \/>\t\t\t\t\t\t\t\t\t\t\t\t\t<\/div>\n\t\t\t\t<\/div>\n\t\t\t\t\t<\/div>\n\t\t\t\t<\/div>\n\t\t<div class=\"elementor-element elementor-element-19bbf4d e-flex e-con-boxed wpr-particle-no wpr-jarallax-no wpr-parallax-no wpr-sticky-section-no e-con e-parent\" data-id=\"19bbf4d\" data-element_type=\"container\">\n\t\t\t\t\t<div class=\"e-con-inner\">\n\t\t\t\t<div class=\"elementor-element elementor-element-412133f elementor-widget elementor-widget-text-editor\" data-id=\"412133f\" data-element_type=\"widget\" data-widget_type=\"text-editor.default\">\n\t\t\t\t<div class=\"elementor-widget-container\">\n\t\t\t\t\t\t\t<p><em><strong>\u201cN\u00e3o perca essa oportunidade. Garanta Agora Seu Natal M\u00e1gico com Papai Noel ao Vivo!\u00a0<\/strong><\/em><\/p><p><em><strong>Vagas Limitadas e sujeito a disponibilidade!&#8221;<\/strong><\/em><\/p>\t\t\t\t\t\t<\/div>\n\t\t\t\t<\/div>\n\t\t\t\t\t<\/div>\n\t\t\t\t<\/div>\n\t\t<div class=\"elementor-element elementor-element-55d4608 e-con-full e-flex wpr-particle-no wpr-jarallax-no wpr-parallax-no wpr-sticky-section-no e-con e-parent\" data-id=\"55d4608\" data-element_type=\"container\">\n\t\t<div class=\"elementor-element elementor-element-5585b7a e-con-full e-flex wpr-particle-no wpr-jarallax-no wpr-parallax-no wpr-sticky-section-no e-con e-child\" data-id=\"5585b7a\" data-element_type=\"container\">\n\t\t\t\t<div class=\"elementor-element elementor-element-895e517 elementor-widget elementor-widget-text-editor\" data-id=\"895e517\" data-element_type=\"widget\" data-widget_type=\"text-editor.default\">\n\t\t\t\t<div class=\"elementor-widget-container\">\n\t\t\t\t\t\t\t<p><a href=\"https:\/\/api.whatsapp.com\/send\/?phone=5521977020505&amp;text=Oi%2C+estive+visitando+o+Site+Papai+Noel+do+TL+e+preciso+de+mais+informa%C3%A7%C3%B5es.&amp;type=phone_number&amp;app_absent=0\"><strong>(21)\u00a0<\/strong><\/a><a style=\"background-color: #f9f7f1;\" href=\"https:\/\/api.whatsapp.com\/send\/?phone=5521977020505&amp;text=Oi%2C+estive+visitando+o+Site+Papai+Noel+do+TL+e+preciso+de+mais+informa%C3%A7%C3%B5es.&amp;type=phone_number&amp;app_absent=0\"><strong>97702-0505<\/strong><\/a><\/p>\t\t\t\t\t\t<\/div>\n\t\t\t\t<\/div>\n\t\t\t\t<\/div>\n\t\t<div class=\"elementor-element elementor-element-d798116 e-con-full e-flex wpr-particle-no wpr-jarallax-no wpr-parallax-no wpr-sticky-section-no e-con e-child\" data-id=\"d798116\" data-element_type=\"container\">\n\t\t\t\t<div class=\"elementor-element elementor-element-f5fd556 elementor-widget__width-initial elementor-widget-mobile__width-initial elementor-widget elementor-widget-text-editor\" data-id=\"f5fd556\" data-element_type=\"widget\" data-widget_type=\"text-editor.default\">\n\t\t\t\t<div class=\"elementor-widget-container\">\n\t\t\t\t\t\t\t<p><a href=\"https:\/\/api.whatsapp.com\/send\/?phone=5521977020505&amp;text=Oi%2C+estive+visitando+o+Site+Papai+Noel+do+TL+e+preciso+de+mais+informa%C3%A7%C3%B5es.&amp;type=phone_number&amp;app_absent=0\"><img decoding=\"async\" src=\"https:\/\/png.pngtree.com\/element_our\/md\/20180626\/md_5b321c98efaa6.jpg\" alt=\"\u00edcone Whatsapp Logotipo Whatsapp PNG , Clipart De Whatsapp, Logotipo, \u00edcones Whatsapp Imagem PNG e Vetor Para Download Gratuito\" \/><\/a><\/p>\t\t\t\t\t\t<\/div>\n\t\t\t\t<\/div>\n\t\t\t\t<\/div>\n\t\t\t\t<\/div>\n\t\t\t\t<\/div>\n\t\t","protected":false},"excerpt":{"rendered":"<p>Transforme seu Natal em uma experi\u00eancia inesquec\u00edvel com um Papai Noel. Nosso servi\u00e7o oferece uma interpreta\u00e7\u00e3o aut\u00eantica, carinhosa e profissional do bom velhinho, levando alegria e emo\u00e7\u00e3o a crian\u00e7as e adultos. Trazemos uma interpreta\u00e7\u00e3o com o cuidado de interagir com todos de forma gentil e &hellip; <a href=\"https:\/\/papainoeldotl.com.br\/\" class=\"more-link\"><span>Continue<span class=\"screen-reader-text\">PERSONAGEM VIVO<\/span><\/span><\/a><\/p>\n","protected":false},"author":1,"featured_media":0,"parent":0,"menu_order":0,"comment_status":"closed","ping_status":"closed","template":"","meta":{"footnotes":""},"class_list":["post-53","page","type-page","status-publish","hentry"],"_links":{"self":[{"href":"https:\/\/papainoeldotl.com.br\/index.php?rest_route=\/wp\/v2\/pages\/53","targetHints":{"allow":["GET"]}}],"collection":[{"href":"https:\/\/papainoeldotl.com.br\/index.php?rest_route=\/wp\/v2\/pages"}],"about":[{"href":"https:\/\/papainoeldotl.com.br\/index.php?rest_route=\/wp\/v2\/types\/page"}],"author":[{"embeddable":true,"href":"https:\/\/papainoeldotl.com.br\/index.php?rest_route=\/wp\/v2\/users\/1"}],"replies":[{"embeddable":true,"href":"https:\/\/papainoeldotl.com.br\/index.php?rest_route=%2Fwp%2Fv2%2Fcomments&post=53"}],"version-history":[{"count":84,"href":"https:\/\/papainoeldotl.com.br\/index.php?rest_route=\/wp\/v2\/pages\/53\/revisions"}],"predecessor-version":[{"id":185,"href":"https:\/\/papainoeldotl.com.br\/index.php?rest_route=\/wp\/v2\/pages\/53\/revisions\/185"}],"wp:attachment":[{"href":"https:\/\/papainoeldotl.com.br\/index.php?rest_route=%2Fwp%2Fv2%2Fmedia&parent=53"}],"curies":[{"name":"wp","href":"https:\/\/api.w.org\/{rel}","templated":true}]}}